{"id":23,"date":"2024-06-03T22:09:13","date_gmt":"2024-06-03T22:09:13","guid":{"rendered":"https:\/\/ilhemphotography.com\/?page_id=23"},"modified":"2024-06-14T21:43:39","modified_gmt":"2024-06-14T21:43:39","slug":"f-a-q","status":"publish","type":"page","link":"https:\/\/ilhemphotography.com\/?page_id=23","title":{"rendered":"F.A.Q"},"content":{"rendered":"<p>[et_pb_section fb_built=\u00a0\u00bb1&Prime; _builder_version=\u00a0\u00bb4.3.3&Prime; custom_margin=\u00a0\u00bb|-100px||-100px|false|false\u00a0\u00bb][et_pb_row column_structure=\u00a0\u00bb1_2,1_2&Prime; _builder_version=\u00a0\u00bb4.3.3&Prime; hover_enabled=\u00a0\u00bb0&Prime;][et_pb_column type=\u00a0\u00bb1_2&Prime; _builder_version=\u00a0\u00bb4.3.3&Prime; hover_enabled=\u00a0\u00bb0&Prime; custom_padding_last_edited=\u00a0\u00bbon|phone\u00a0\u00bb custom_padding_phone=\u00a0\u00bb|20px||70px|false|false\u00a0\u00bb][et_pb_toggle title=\u00a0\u00bbQUELLE EST LA MEILLEURE P\u00c9RIODE POUR R\u00c9ALISER UNE S\u00c9ANCE PHOTO DE GROSSESSE ? \u00a0\u00bb _builder_version=\u00a0\u00bb4.3.3&Prime; title_font_size=\u00a0\u00bb16px\u00a0\u00bb body_font=\u00a0\u00bbTimes New Roman||||||||\u00a0\u00bb body_text_color=\u00a0\u00bb#8f8f8f\u00a0\u00bb body_font_size=\u00a0\u00bb15px\u00a0\u00bb background_color=\u00a0\u00bb#ffffff\u00a0\u00bb hover_enabled=\u00a0\u00bb0&Prime; border_width_all=\u00a0\u00bb0px\u00a0\u00bb border_width_top=\u00a0\u00bb0px\u00a0\u00bb border_width_bottom=\u00a0\u00bb1px\u00a0\u00bb module_alignment=\u00a0\u00bbcenter\u00a0\u00bb]<\/p>\n<p style=\"text-align: justify;\"><span>La p\u00e9riode id\u00e9ale pour une s\u00e9ance photo de grossesse se situe g\u00e9n\u00e9ralement entre le 7\u00e8me et le 8\u00e8me mois. \u00c0 ce stade, votre ventre est bien rond, mais vous \u00eates encore \u00e0 l&rsquo;aise pour poser.<\/span><\/p>\n<p>[\/et_pb_toggle][et_pb_toggle title=\u00a0\u00bbQUAND DEVRAIS-JE R\u00c9SERVER MA S\u00c9ANCE PHOTO DE GROSSESSE ?\u00a0\u00bb _builder_version=\u00a0\u00bb4.3.3&Prime; title_font=\u00a0\u00bbTimes New Roman||||||||\u00a0\u00bb closed_title_font=\u00a0\u00bbTimes New Roman||||||||\u00a0\u00bb body_font=\u00a0\u00bbTimes New Roman||||||||\u00a0\u00bb body_font_size=\u00a0\u00bb15px\u00a0\u00bb background_color=\u00a0\u00bb#ffffff\u00a0\u00bb hover_enabled=\u00a0\u00bb0&Prime; border_width_all=\u00a0\u00bb0px\u00a0\u00bb border_width_bottom=\u00a0\u00bb1px\u00a0\u00bb]<\/p>\n<p style=\"text-align: justify;\">Il est conseill\u00e9 de r\u00e9server votre s\u00e9ance photo de grossesse au moins deux \u00e0 trois mois \u00e0 l&rsquo;avance pour garantir la disponibilit\u00e9.<\/p>\n<p>[\/et_pb_toggle][et_pb_toggle title=\u00a0\u00bbCOMMENT SE D\u00c9ROULE UNE S\u00c9ANCE MATERNIT\u00c9 ? \u00a0\u00bb _builder_version=\u00a0\u00bb4.3.3&Prime; title_font=\u00a0\u00bbTimes New Roman||||||||\u00a0\u00bb closed_title_font=\u00a0\u00bbTimes New Roman||||||||\u00a0\u00bb body_font=\u00a0\u00bbTimes New Roman||||||||\u00a0\u00bb body_font_size=\u00a0\u00bb15px\u00a0\u00bb background_color=\u00a0\u00bb#ffffff\u00a0\u00bb hover_enabled=\u00a0\u00bb0&Prime; border_width_all=\u00a0\u00bb0px\u00a0\u00bb border_width_bottom=\u00a0\u00bb1px\u00a0\u00bb]<\/p>\n<p class=\"p1\" style=\"text-align: justify;\"><span class=\"s1\">Pr\u00eat de tenues inclus et vous avez \u00e9galement la possibilit\u00e9 d&rsquo;apporter vos propres tenues. La mise en beaut\u00e9 n&rsquo;est pas fournie et devra \u00eatre faites avant le shooting.<\/span><\/p>\n<p class=\"p1\" style=\"text-align: justify;\"><span class=\"s1\">Vous pourrez \u00eatre accompagn\u00e9 de votre compagnon et\/ou enfants sur quelques photos.<\/span><\/p>\n<p>[\/et_pb_toggle][et_pb_toggle title=\u00a0\u00bbO\u00d9 SE D\u00c9ROULE LA S\u00c9ANCE MATERNIT\u00c9 ?\u00a0\u00bb _builder_version=\u00a0\u00bb4.3.3&Prime; title_font=\u00a0\u00bbTimes New Roman||||||||\u00a0\u00bb closed_title_font=\u00a0\u00bbTimes New Roman||||||||\u00a0\u00bb body_font=\u00a0\u00bbTimes New Roman||||||||\u00a0\u00bb body_font_size=\u00a0\u00bb15px\u00a0\u00bb background_color=\u00a0\u00bb#ffffff\u00a0\u00bb hover_enabled=\u00a0\u00bb0&Prime; border_width_all=\u00a0\u00bb0px\u00a0\u00bb border_width_bottom=\u00a0\u00bb1px\u00a0\u00bb]<\/p>\n<p class=\"p1\" style=\"text-align: justify;\"><span class=\"s1\">La s\u00e9ance MATERNIT\u00c9 se d\u00e9roule soit en ext\u00e9rieure ou studio. Le studio se situe dans le 20\u00e8me arrondissement de Paris et est lou\u00e9 \u00e0 l&rsquo;occasion.<\/span><\/p>\n<p>[\/et_pb_toggle][et_pb_toggle title=\u00a0\u00bbCOMMENT R\u00c9SERVER UNE S\u00c9ANCE ? \u00a0\u00bb _builder_version=\u00a0\u00bb4.3.3&Prime; title_font=\u00a0\u00bbTimes New Roman||||||||\u00a0\u00bb closed_title_font=\u00a0\u00bbTimes New Roman||||||||\u00a0\u00bb body_font=\u00a0\u00bbTimes New Roman||||||||\u00a0\u00bb body_font_size=\u00a0\u00bb15px\u00a0\u00bb background_color=\u00a0\u00bb#ffffff\u00a0\u00bb hover_enabled=\u00a0\u00bb0&Prime; border_width_all=\u00a0\u00bb0px\u00a0\u00bb border_width_bottom=\u00a0\u00bb1px\u00a0\u00bb]<\/p>\n<p class=\"p1\" style=\"text-align: justify;\"><span class=\"s1\">Pour r\u00e9server\u00a0 une s\u00e9ance un acompte de 50 % du tarif de la s\u00e9ance devra \u00eatre vers\u00e9e sans quoi la r\u00e9servation ne peut avoir lieu. Le solde sera d\u00fb le jour de la s\u00e9ance.<\/span><\/p>\n<p>[\/et_pb_toggle][et_pb_toggle title=\u00a0\u00bbLES PHOTOS SONT-ELLES DISPONIBLES EN COULEURS ET EN NOIR ET BLANC ? \u00a0\u00bb _builder_version=\u00a0\u00bb4.3.3&Prime; title_font=\u00a0\u00bbTimes New Roman||||||||\u00a0\u00bb closed_title_font=\u00a0\u00bbTimes New Roman||||||||\u00a0\u00bb body_font=\u00a0\u00bbTimes New Roman||||||||\u00a0\u00bb body_font_size=\u00a0\u00bb15px\u00a0\u00bb background_color=\u00a0\u00bb#ffffff\u00a0\u00bb hover_enabled=\u00a0\u00bb0&Prime; border_width_all=\u00a0\u00bb0px\u00a0\u00bb border_width_bottom=\u00a0\u00bb1px\u00a0\u00bb]<\/p>\n<p style=\"text-align: justify;\"><span>Oui, nous offrons \u00e0 la fois des versions couleur et noir et blanc de vos photos de maternit\u00e9. Toutes les images sont d&rsquo;abord retouch\u00e9es en couleur pour garantir leur qualit\u00e9 optimale. Ensuite, une s\u00e9lection de photos est \u00e9galement convertie en noir et blanc pour ajouter une touche artistique et intemporelle \u00e0 vos souvenirs. Vous recevrez ainsi un m\u00e9lange \u00e9quilibr\u00e9 des deux styles dans votre galerie finale.<\/span><\/p>\n<p>[\/et_pb_toggle][et_pb_toggle title=\u00a0\u00bb\u00c0 QUEL MOMENT DEVRAIS-JE PLANIFIER UNE S\u00c9ANCE PHOTO DE NAISSANCE ?\u00a0\u00bb _builder_version=\u00a0\u00bb4.3.3&Prime; title_font=\u00a0\u00bbTimes New Roman||||||||\u00a0\u00bb title_font_size=\u00a0\u00bb16px\u00a0\u00bb closed_title_font=\u00a0\u00bbTimes New Roman||||||||\u00a0\u00bb body_font=\u00a0\u00bbTimes New Roman||||||||\u00a0\u00bb body_font_size=\u00a0\u00bb15px\u00a0\u00bb background_color=\u00a0\u00bb#ffffff\u00a0\u00bb hover_enabled=\u00a0\u00bb0&Prime; border_width_all=\u00a0\u00bb0px\u00a0\u00bb border_width_bottom=\u00a0\u00bb1px\u00a0\u00bb]<\/p>\n<p style=\"text-align: justify;\">Les s\u00e9ances photo de naissance se font id\u00e9alement dans les deux premi\u00e8res semaines de vie du b\u00e9b\u00e9, lorsqu&rsquo;il dort encore beaucoup et peut \u00eatre facilement pos\u00e9.<\/p>\n<p>[\/et_pb_toggle][\/et_pb_column][et_pb_column type=\u00a0\u00bb1_2&Prime; _builder_version=\u00a0\u00bb4.3.3&Prime; hover_enabled=\u00a0\u00bb0&Prime; custom_padding_last_edited=\u00a0\u00bbon|phone\u00a0\u00bb custom_padding_phone=\u00a0\u00bb|20px||70px|false|false\u00a0\u00bb][et_pb_toggle title=\u00a0\u00bbCOMBIEN DE TEMPS DURE UNE S\u00c9ANCE PHOTO ? \u00a0\u00bb _builder_version=\u00a0\u00bb4.3.3&Prime; title_font=\u00a0\u00bbTimes New Roman||||||||\u00a0\u00bb closed_title_font=\u00a0\u00bbTimes New Roman||||||||\u00a0\u00bb body_font=\u00a0\u00bbTimes New Roman||||||||\u00a0\u00bb body_font_size=\u00a0\u00bb15px\u00a0\u00bb background_color=\u00a0\u00bb#ffffff\u00a0\u00bb hover_enabled=\u00a0\u00bb0&Prime; border_width_all=\u00a0\u00bb0px\u00a0\u00bb border_width_bottom=\u00a0\u00bb1px\u00a0\u00bb]<\/p>\n<p style=\"text-align: justify;\"><span>Les s\u00e9ances photo de grossesse durent g\u00e9n\u00e9ralement entre 1 \u00e0 1h30 heures, tandis que les s\u00e9ances de naissance peuvent durer entre 2 \u00e0 3 heures pour s&rsquo;adapter au rythme et aux besoins du b\u00e9b\u00e9.<\/span><\/p>\n<p>[\/et_pb_toggle][et_pb_toggle title=\u00a0\u00bbPUIS-JE S\u00c9LECTIONNER DES PHOTOS SUPPL\u00c9MENTAIRES ? \u00a0\u00bb _builder_version=\u00a0\u00bb4.3.3&Prime; title_font=\u00a0\u00bbTimes New Roman||||||||\u00a0\u00bb closed_title_font=\u00a0\u00bbTimes New Roman||||||||\u00a0\u00bb body_font=\u00a0\u00bbTimes New Roman||||||||\u00a0\u00bb body_font_size=\u00a0\u00bb15px\u00a0\u00bb background_color=\u00a0\u00bb#ffffff\u00a0\u00bb hover_enabled=\u00a0\u00bb0&Prime; border_width_all=\u00a0\u00bb0px\u00a0\u00bb border_width_bottom=\u00a0\u00bb1px\u00a0\u00bb]<\/p>\n<p class=\"p1\" style=\"text-align: justify;\"><span class=\"s1\">Si vous souhaitez s\u00e9lectionner des photos suppl\u00e9mentaires (hors Formule Luxe), celles ci auront un co\u00fbt unitaire de 25 euros.\u00a0 Possibilit\u00e9 d&rsquo;un pack de 5 photos \u00e0 100 euros et d&rsquo;un pack de 10 photos \u00e0 200 euros.<\/span><\/p>\n<p>[\/et_pb_toggle][et_pb_toggle title=\u00a0\u00bbCOMMENT RECEVRAIS-JE MES PHOTOS ? \u00a0\u00bb _builder_version=\u00a0\u00bb4.3.3&Prime; title_font=\u00a0\u00bbTimes New Roman||||||||\u00a0\u00bb closed_title_font=\u00a0\u00bbTimes New Roman||||||||\u00a0\u00bb body_font=\u00a0\u00bbTimes New Roman||||||||\u00a0\u00bb body_font_size=\u00a0\u00bb15px\u00a0\u00bb background_color=\u00a0\u00bb#ffffff\u00a0\u00bb hover_enabled=\u00a0\u00bb0&Prime; border_width_all=\u00a0\u00bb0px\u00a0\u00bb border_width_bottom=\u00a0\u00bb1px\u00a0\u00bb]<\/p>\n<p class=\"p1\" style=\"text-align: justify;\"><span class=\"s1\">Vos photos seront disponibles sur votre galerie photos personnalis\u00e9e. Les\u00a0 photos seront mises en galerie sous leur format brut non retouch\u00e9es, vous devrez ainsi choisir votre s\u00e9rie de photos parmi l&rsquo;ensemble. Une fois les photos choisies par vous, je les retoucherai et vous les mettrai \u00e0 nouveau \u00e0 disposition sur votre galerie avec cette fois ci la possibilit\u00e9 de les t\u00e9l\u00e9charger.<\/span><\/p>\n<p>[\/et_pb_toggle][et_pb_toggle title=\u00a0\u00bbQUELS SONT LES D\u00c9LAIS DE LIVRAISON DES PHOTOS ? \u00a0\u00bb _builder_version=\u00a0\u00bb4.3.3&Prime; title_font=\u00a0\u00bbTimes New Roman||||||||\u00a0\u00bb closed_title_font=\u00a0\u00bbTimes New Roman||||||||\u00a0\u00bb body_font=\u00a0\u00bbTimes New Roman||||||||\u00a0\u00bb body_font_size=\u00a0\u00bb15px\u00a0\u00bb background_color=\u00a0\u00bb#ffffff\u00a0\u00bb hover_enabled=\u00a0\u00bb0&Prime; border_width_all=\u00a0\u00bb0px\u00a0\u00bb border_width_bottom=\u00a0\u00bb1px\u00a0\u00bb]<\/p>\n<p style=\"text-align: justify;\"><span>Les d\u00e9lais de livraison pour vos photos sont de 8 semaines. Nous prenons ce temps pour retoucher soigneusement chaque image et garantir qu&rsquo;elles r\u00e9pondent \u00e0 nos standards de qualit\u00e9. Vous recevrez vos photos finales dans une galerie en ligne, accessible pendant deux mois, o\u00f9 vous pourrez visionner, partager et t\u00e9l\u00e9charger vos images.<\/span><\/p>\n<p>[\/et_pb_toggle][et_pb_toggle title=\u00a0\u00bbLES PHOTOS SONT-ELLES RETOUCH\u00c9ES ?\u00a0\u00bb _builder_version=\u00a0\u00bb4.3.3&Prime; title_font=\u00a0\u00bbTimes New Roman||||||||\u00a0\u00bb closed_title_font=\u00a0\u00bbTimes New Roman||||||||\u00a0\u00bb body_font=\u00a0\u00bbTimes New Roman||||||||\u00a0\u00bb body_font_size=\u00a0\u00bb15px\u00a0\u00bb background_color=\u00a0\u00bb#ffffff\u00a0\u00bb hover_enabled=\u00a0\u00bb0&Prime; border_width_all=\u00a0\u00bb0px\u00a0\u00bb border_width_bottom=\u00a0\u00bb1px\u00a0\u00bb]<\/p>\n<p style=\"text-align: justify;\"><span>Oui, toutes les photos que nous livrons sont soigneusement retouch\u00e9es pour garantir une qualit\u00e9 optimale. Nous ajustons la lumi\u00e8re, les couleurs et les contrastes pour cr\u00e9er des images magnifiques et naturelles. Notre objectif est de sublimer chaque photo tout en conservant l&rsquo;authenticit\u00e9 des moments captur\u00e9s.<\/span><\/p>\n<p>[\/et_pb_toggle][et_pb_toggle title=\u00a0\u00bbPROPOSEZ-VOUS DES IMPRESSIONS OU DES ALBUMS PHOTO ? \u00a0\u00bb _builder_version=\u00a0\u00bb4.3.3&Prime; title_font=\u00a0\u00bbTimes New Roman||||||||\u00a0\u00bb closed_title_font=\u00a0\u00bbTimes New Roman||||||||\u00a0\u00bb body_font=\u00a0\u00bbTimes New Roman||||||||\u00a0\u00bb body_font_size=\u00a0\u00bb15px\u00a0\u00bb background_color=\u00a0\u00bb#ffffff\u00a0\u00bb hover_enabled=\u00a0\u00bb0&Prime; border_width_all=\u00a0\u00bb0px\u00a0\u00bb border_width_bottom=\u00a0\u00bb1px\u00a0\u00bb]<\/p>\n<p style=\"text-align: justify;\"><span>Oui, nous proposons des options d&rsquo;impression de haute qualit\u00e9 et des albums photo personnalis\u00e9s pour mettre en valeur vos souvenirs. Veuillez nous contacter pour plus de d\u00e9tails et les tarifs.<\/span><\/p>\n<p>[\/et_pb_toggle][et_pb_toggle title=\u00a0\u00bbPROPOSEZ-VOUS DES CARTES CADEAUX POUR DES S\u00c9ANCES PHOTO ?\u00a0\u00bb _builder_version=\u00a0\u00bb4.3.3&Prime; title_font=\u00a0\u00bbTimes New Roman||||||||\u00a0\u00bb closed_title_font=\u00a0\u00bbTimes New Roman||||||||\u00a0\u00bb body_font=\u00a0\u00bbTimes New Roman||||||||\u00a0\u00bb body_font_size=\u00a0\u00bb15px\u00a0\u00bb background_color=\u00a0\u00bb#ffffff\u00a0\u00bb hover_enabled=\u00a0\u00bb0&Prime; border_width_all=\u00a0\u00bb0px\u00a0\u00bb border_width_bottom=\u00a0\u00bb1px\u00a0\u00bb]<\/p>\n<p style=\"text-align: justify;\"><span>Oui, nous offrons des cartes cadeaux pour nos s\u00e9ances photo de grossesse et de naissance. C&rsquo;est un cadeau merveilleux pour les futurs parents, leur permettant de capturer ces moments pr\u00e9cieux et de les ch\u00e9rir pour toujours. Contactez nous pour plus de d\u00e9tails.<\/span><\/p>\n<p>[\/et_pb_toggle][\/et_pb_column][\/et_pb_row][\/et_pb_section]<\/p>\n","protected":false},"excerpt":{"rendered":"<p>[et_pb_section fb_built=\u00a0\u00bb1&Prime; _builder_version=\u00a0\u00bb4.3.3&Prime; custom_margin=\u00a0\u00bb|-100px||-100px|false|false\u00a0\u00bb][et_pb_row column_structure=\u00a0\u00bb1_2,1_2&Prime; _builder_version=\u00a0\u00bb4.3.3&Prime; hover_enabled=\u00a0\u00bb0&Prime;][et_pb_column type=\u00a0\u00bb1_2&Prime; _builder_version=\u00a0\u00bb4.3.3&Prime; hover_enabled=\u00a0\u00bb0&Prime; custom_padding_last_edited=\u00a0\u00bbon|phone\u00a0\u00bb custom_padding_phone=\u00a0\u00bb|20px||70px|false|false\u00a0\u00bb][et_pb_toggle title=\u00a0\u00bbQUELLE EST LA MEILLEURE P\u00c9RIODE POUR R\u00c9ALISER UNE S\u00c9ANCE PHOTO DE GROSSESSE ? \u00a0\u00bb _builder_version=\u00a0\u00bb4.3.3&Prime; title_font_size=\u00a0\u00bb16px\u00a0\u00bb body_font=\u00a0\u00bbTimes New Roman||||||||\u00a0\u00bb body_text_color=\u00a0\u00bb#8f8f8f\u00a0\u00bb body_font_size=\u00a0\u00bb15px\u00a0\u00bb background_color=\u00a0\u00bb#ffffff\u00a0\u00bb hover_enabled=\u00a0\u00bb0&Prime; border_width_all=\u00a0\u00bb0px\u00a0\u00bb border_width_top=\u00a0\u00bb0px\u00a0\u00bb border_width_bottom=\u00a0\u00bb1px\u00a0\u00bb module_alignment=\u00a0\u00bbcenter\u00a0\u00bb] La p\u00e9riode id\u00e9ale pour une s\u00e9ance photo de grossesse se situe g\u00e9n\u00e9ralement entre le 7\u00e8me et [&hellip;]<\/p>\n","protected":false},"author":1,"featured_media":0,"parent":0,"menu_order":0,"comment_status":"closed","ping_status":"closed","template":"","meta":{"_et_pb_use_builder":"on","_et_pb_old_content":"<!-- wp:divi\/placeholder \/-->","_et_gb_content_width":"","om_disable_all_campaigns":false,"_monsterinsights_skip_tracking":false,"_monsterinsights_sitenote_active":false,"_monsterinsights_sitenote_note":"","_monsterinsights_sitenote_category":0,"footnotes":""},"class_list":["post-23","page","type-page","status-publish","hentry"],"_links":{"self":[{"href":"https:\/\/ilhemphotography.com\/index.php?rest_route=\/wp\/v2\/pages\/23","targetHints":{"allow":["GET"]}}],"collection":[{"href":"https:\/\/ilhemphotography.com\/index.php?rest_route=\/wp\/v2\/pages"}],"about":[{"href":"https:\/\/ilhemphotography.com\/index.php?rest_route=\/wp\/v2\/types\/page"}],"author":[{"embeddable":true,"href":"https:\/\/ilhemphotography.com\/index.php?rest_route=\/wp\/v2\/users\/1"}],"replies":[{"embeddable":true,"href":"https:\/\/ilhemphotography.com\/index.php?rest_route=%2Fwp%2Fv2%2Fcomments&post=23"}],"version-history":[{"count":8,"href":"https:\/\/ilhemphotography.com\/index.php?rest_route=\/wp\/v2\/pages\/23\/revisions"}],"predecessor-version":[{"id":566,"href":"https:\/\/ilhemphotography.com\/index.php?rest_route=\/wp\/v2\/pages\/23\/revisions\/566"}],"wp:attachment":[{"href":"https:\/\/ilhemphotography.com\/index.php?rest_route=%2Fwp%2Fv2%2Fmedia&parent=23"}],"curies":[{"name":"wp","href":"https:\/\/api.w.org\/{rel}","templated":true}]}}