{"id":117,"date":"2021-12-11T11:43:39","date_gmt":"2021-12-11T11:43:39","guid":{"rendered":"https:\/\/ilhemphotography.com\/?page_id=117"},"modified":"2024-06-17T20:04:15","modified_gmt":"2024-06-17T20:04:15","slug":"117-2","status":"publish","type":"page","link":"https:\/\/ilhemphotography.com\/?page_id=117","title":{"rendered":"FAMILLE"},"content":{"rendered":"<p>[et_pb_section fb_built=\u00a0\u00bb1&Prime; _builder_version=\u00a0\u00bb4.3.3&Prime; custom_padding=\u00a0\u00bb9px|||||\u00a0\u00bb][et_pb_row _builder_version=\u00a0\u00bb4.3.3&Prime; width=\u00a0\u00bb100%\u00a0\u00bb max_width=\u00a0\u00bb2560px\u00a0\u00bb custom_padding=\u00a0\u00bb49px|||||\u00a0\u00bb][et_pb_column type=\u00a0\u00bb4_4&Prime; _builder_version=\u00a0\u00bb4.3.3&Prime;][et_pb_post_title meta=\u00a0\u00bboff\u00a0\u00bb featured_image=\u00a0\u00bboff\u00a0\u00bb _builder_version=\u00a0\u00bb4.3.3&Prime; title_text_color=\u00a0\u00bb#9a8c98&Prime; title_font_size=\u00a0\u00bb41px\u00a0\u00bb text_orientation=\u00a0\u00bbcenter\u00a0\u00bb][\/et_pb_post_title][et_pb_image src=\u00a0\u00bbhttp:\/\/ilhemphotography.com\/wp-content\/uploads\/2023\/11\/sans-titre-249-Modifier-scaled.jpg\u00a0\u00bb align=\u00a0\u00bbcenter\u00a0\u00bb _builder_version=\u00a0\u00bb4.3.3&Prime;][\/et_pb_image][\/et_pb_column][\/et_pb_row][et_pb_row _builder_version=\u00a0\u00bb4.3.3&Prime;][et_pb_column type=\u00a0\u00bb4_4&Prime; _builder_version=\u00a0\u00bb4.3.3&Prime;][et_pb_text _builder_version=\u00a0\u00bb4.3.3&Prime; text_font=\u00a0\u00bbTimes New Roman||||||||\u00a0\u00bb text_font_size=\u00a0\u00bb15px\u00a0\u00bb]<\/p>\n<h2>O\u00f9 se d\u00e9roule la s\u00e9ance?<\/h2>\n<p style=\"text-align: justify;\">La s\u00e9ance de photographie de grossesse se d\u00e9roule soit chez vous ou en studio. Le studio se situe dans le 20\u00e8me arrondissement de Paris et est lou\u00e9 \u00e0 l\u2019occasion.<\/p>\n<h2>Quand r\u00e9server une s\u00e9ance photos de famille?<\/h2>\n<p style=\"text-align: justify;\">Si vous \u00eates enceinte, r\u00e9servez votre s\u00e9ance d\u00e8s le 3\u00e8me trimestre afin de vous assurer une place dans mon agenda.<\/p>\n<h2>Comment se d\u00e9roule la s\u00e9ance photographie de famille ?<\/h2>\n<p style=\"text-align: justify;\">La s\u00e9ance dure 1H.<\/p>\n<h2>Apr\u00e8s la s\u00e9ance<\/h2>\n<p style=\"text-align: justify;\">Vos photos seront disponibles sur votre galerie photos personnalis\u00e9. Les\u00a0 photos seront mises en galerie sous leur format brut non retouch\u00e9es, vous devrez ainsi choisir votre s\u00e9rie de photos parmi l\u2019ensemble. Une fois les photos choisies par vous, je les retoucherai et vous les mettrai \u00e0 nouveau a disposition sur votre galerie avec cette fois ci la possibilit\u00e9 de les t\u00e9l\u00e9charger. Si vous souhaitez s\u00e9lectionner des photos suppl\u00e9mentaires (hors formule Luxe), celles ci auront un co\u00fbt unitaire de 25 euros.\u00a0 Possibilit\u00e9 d\u2019un pack de 5 photos \u00e0 100 euros et d\u2019un pack de 10 photos \u00e0 200 euros.<\/p>\n<h2>D\u00e9lai<\/h2>\n<p style=\"text-align: justify;\">Les photos brutes sont mises \u00e0 disposition sur votre galerie dans un d\u00e9lai de 2 semaines et les photos d\u00e9finitives dans un d\u00e9lais de 4 \u00e0 6 semaines.<\/p>\n<h2>R\u00e9servation d\u2019une s\u00e9ance<\/h2>\n<p style=\"text-align: justify;\">Pour r\u00e9server\u00a0 une s\u00e9ance un acompte de 50 % du tarif de la s\u00e9ance devra \u00eatre vers\u00e9e sans quoi la r\u00e9servation ne peut avoir lieu. Le solde sera d\u00fb le jour de la s\u00e9ance.<\/p>\n<p>[\/et_pb_text][\/et_pb_column][\/et_pb_row][et_pb_row _builder_version=\u00a0\u00bb4.3.3&Prime;][et_pb_column type=\u00a0\u00bb4_4&Prime; _builder_version=\u00a0\u00bb4.3.3&Prime;][et_pb_divider show_divider=\u00a0\u00bboff\u00a0\u00bb _builder_version=\u00a0\u00bb4.3.3&Prime;][\/et_pb_divider][\/et_pb_column][\/et_pb_row][et_pb_row column_structure=\u00a0\u00bb1_3,1_3,1_3&Prime; _builder_version=\u00a0\u00bb4.3.3&Prime; width=\u00a0\u00bb86%\u00a0\u00bb max_width=\u00a0\u00bb2560px\u00a0\u00bb][et_pb_column type=\u00a0\u00bb1_3&Prime; _builder_version=\u00a0\u00bb4.3.3&Prime;][et_pb_pricing_tables _builder_version=\u00a0\u00bb4.3.3&Prime; custom_button=\u00a0\u00bbon\u00a0\u00bb button_text_color=\u00a0\u00bb#ffffff\u00a0\u00bb button_bg_color=\u00a0\u00bb#c9ada7&Prime; hover_enabled=\u00a0\u00bb0&Prime;][et_pb_pricing_table title=\u00a0\u00bbFormule Basic\u00a0\u00bb subtitle=\u00a0\u00bbAvec publication\u00a0\u00bb currency=\u00a0\u00bb\u20ac\u00a0\u00bb sum=\u00a0\u00bb300&Prime; button_url=\u00a0\u00bbhttps:\/\/ilhemphotography.com\/?page_id=19&Prime; button_text=\u00a0\u00bbJe r\u00e9serve\u00a0\u00bb bullet_color=\u00a0\u00bb#000000&Prime; header_background_color=\u00a0\u00bb#d6d6d6&Prime; _builder_version=\u00a0\u00bb4.3.3&Prime; price_text_color=\u00a0\u00bb#000000&Prime; header_font=\u00a0\u00bbcardo regular|600|||||||\u00a0\u00bb header_text_color=\u00a0\u00bb#ffffff\u00a0\u00bb subheader_text_color=\u00a0\u00bb#ffffff\u00a0\u00bb hover_enabled=\u00a0\u00bb0&Prime; custom_button=\u00a0\u00bbon\u00a0\u00bb button_text_color=\u00a0\u00bb#ffffff\u00a0\u00bb button_bg_color=\u00a0\u00bb#000000&Prime; button_bg_enable_color=\u00a0\u00bbon\u00a0\u00bb button_font=\u00a0\u00bbcardo regular|600|||||||\u00a0\u00bb]<\/p>\n<p>1H de shooting<\/p>\n<p>5 photos HD retouch\u00e9es<\/p>\n<p>Cr\u00e9ation d&rsquo;une galerie photos priv\u00e9e<\/p>\n<p>50\u20ac en suppl\u00e9ment si shooting sans droits de publication<\/p>\n<p>[\/et_pb_pricing_table][\/et_pb_pricing_tables][\/et_pb_column][et_pb_column type=\u00a0\u00bb1_3&Prime; _builder_version=\u00a0\u00bb4.3.3&Prime;][et_pb_pricing_tables _builder_version=\u00a0\u00bb4.3.3&Prime; custom_button=\u00a0\u00bbon\u00a0\u00bb button_text_color=\u00a0\u00bb#ffffff\u00a0\u00bb button_bg_color=\u00a0\u00bb#c9ada7&Prime; link_option_url=\u00a0\u00bbhttps:\/\/ilhemphotography.com\/?page_id=19&Prime; hover_enabled=\u00a0\u00bb0&Prime;][et_pb_pricing_table title=\u00a0\u00bbFormule Prenium\u00a0\u00bb subtitle=\u00a0\u00bbAvec publication\u00a0\u00bb currency=\u00a0\u00bb\u20ac\u00a0\u00bb sum=\u00a0\u00bb450&Prime; button_url=\u00a0\u00bbhttps:\/\/ilhemphotography.com\/?page_id=19&Prime; button_text=\u00a0\u00bbJe r\u00e9serve\u00a0\u00bb bullet_color=\u00a0\u00bb#000000&Prime; header_background_color=\u00a0\u00bb#6b6b6b\u00a0\u00bb _builder_version=\u00a0\u00bb4.3.3&Prime; price_text_color=\u00a0\u00bb#000000&Prime; header_font=\u00a0\u00bbcardo regular|600|||||||\u00a0\u00bb header_text_color=\u00a0\u00bb#ffffff\u00a0\u00bb hover_enabled=\u00a0\u00bb0&Prime; custom_button=\u00a0\u00bbon\u00a0\u00bb button_text_color=\u00a0\u00bb#ffffff\u00a0\u00bb button_bg_color=\u00a0\u00bb#000000&Prime; button_bg_enable_color=\u00a0\u00bbon\u00a0\u00bb button_font=\u00a0\u00bbcardo regular|600|||||||\u00a0\u00bb]<\/p>\n<p>1H de shooting<\/p>\n<p>10 photos HD retouch\u00e9es<\/p>\n<p>Cr\u00e9ation d&rsquo;une galerie photos priv\u00e9e<\/p>\n<p>50\u20ac en suppl\u00e9ment si shooting sans droits de publication<\/p>\n<p>[\/et_pb_pricing_table][\/et_pb_pricing_tables][\/et_pb_column][et_pb_column type=\u00a0\u00bb1_3&Prime; _builder_version=\u00a0\u00bb4.3.3&Prime;][et_pb_pricing_tables _builder_version=\u00a0\u00bb4.3.3&Prime; custom_button=\u00a0\u00bbon\u00a0\u00bb button_text_color=\u00a0\u00bb#ffffff\u00a0\u00bb button_bg_color=\u00a0\u00bb#c9ada7&Prime; link_option_url=\u00a0\u00bbhttps:\/\/ilhemphotography.com\/?page_id=19&Prime; hover_enabled=\u00a0\u00bb0&Prime;][et_pb_pricing_table title=\u00a0\u00bbFormule Luxe\u00a0\u00bb subtitle=\u00a0\u00bbAvec publication\u00a0\u00bb currency=\u00a0\u00bb\u20ac\u00a0\u00bb sum=\u00a0\u00bb550&Prime; button_url=\u00a0\u00bbhttps:\/\/ilhemphotography.com\/?page_id=19&Prime; button_text=\u00a0\u00bbJe r\u00e9serve\u00a0\u00bb bullet_color=\u00a0\u00bb#000000&Prime; header_background_color=\u00a0\u00bb#000000&Prime; _builder_version=\u00a0\u00bb4.3.3&Prime; price_text_color=\u00a0\u00bb#000000&Prime; header_font=\u00a0\u00bbcardo regular|600|||||||\u00a0\u00bb header_text_color=\u00a0\u00bb#ffffff\u00a0\u00bb subheader_text_color=\u00a0\u00bb#ffffff\u00a0\u00bb hover_enabled=\u00a0\u00bb0&Prime; custom_button=\u00a0\u00bbon\u00a0\u00bb button_text_color=\u00a0\u00bb#ffffff\u00a0\u00bb button_bg_color=\u00a0\u00bb#000000&Prime; button_bg_enable_color=\u00a0\u00bbon\u00a0\u00bb button_font=\u00a0\u00bbcardo regular|600|||||||\u00a0\u00bb]<\/p>\n<p>1H de shooting<\/p>\n<p>Toute la galerie (min. 25 photos)<\/p>\n<p>Cr\u00e9ation d&rsquo;une galerie photos priv\u00e9e<\/p>\n<p>50\u20ac en suppl\u00e9ment si shooting sans droits de publication<\/p>\n<p>[\/et_pb_pricing_table][\/et_pb_pricing_tables][\/et_pb_column][\/et_pb_row][\/et_pb_section][et_pb_section fb_built=\u00a0\u00bb1&Prime; _builder_version=\u00a0\u00bb4.3.3&Prime;][et_pb_row column_structure=\u00a0\u00bb1_2,1_2&Prime; _builder_version=\u00a0\u00bb4.3.3&Prime; width=\u00a0\u00bb78.4%\u00a0\u00bb custom_padding=\u00a0\u00bb|100px||100px||\u00a0\u00bb][et_pb_column type=\u00a0\u00bb1_2&Prime; _builder_version=\u00a0\u00bb4.3.3&Prime; background_image=\u00a0\u00bbhttp:\/\/ilhemphotography.com\/wp-content\/uploads\/2024\/06\/Design-sans-titre-2.jpg\u00a0\u00bb custom_padding=\u00a0\u00bb180px||180px||false|false\u00a0\u00bb][et_pb_button button_url=\u00a0\u00bbhttps:\/\/ilhemphotography.com\/?page_id=105&Prime; button_text=\u00a0\u00bbNaissance\u00a0\u00bb button_alignment=\u00a0\u00bbcenter\u00a0\u00bb _builder_version=\u00a0\u00bb4.3.3&Prime; custom_button=\u00a0\u00bbon\u00a0\u00bb button_text_color=\u00a0\u00bb#ffffff\u00a0\u00bb button_bg_color=\u00a0\u00bb#6b6b6b\u00a0\u00bb button_border_color=\u00a0\u00bb#ffffff\u00a0\u00bb button_font=\u00a0\u00bb|600|||||||\u00a0\u00bb filter_opacity=\u00a0\u00bb53%\u00a0\u00bb box_shadow_style=\u00a0\u00bbpreset3&Prime;][\/et_pb_button][\/et_pb_column][et_pb_column type=\u00a0\u00bb1_2&Prime; _builder_version=\u00a0\u00bb4.3.3&Prime; background_image=\u00a0\u00bbhttp:\/\/ilhemphotography.com\/wp-content\/uploads\/2024\/06\/Design-sans-titre-1.jpg\u00a0\u00bb custom_padding=\u00a0\u00bb180px||180px||false|false\u00a0\u00bb][et_pb_button button_url=\u00a0\u00bbhttps:\/\/ilhemphotography.com\/?page_id=96&Prime; button_text=\u00a0\u00bbGrossesse\u00a0\u00bb button_alignment=\u00a0\u00bbcenter\u00a0\u00bb _builder_version=\u00a0\u00bb4.3.3&Prime; custom_button=\u00a0\u00bbon\u00a0\u00bb button_text_size=\u00a0\u00bb20px\u00a0\u00bb button_text_color=\u00a0\u00bb#ffffff\u00a0\u00bb button_bg_color=\u00a0\u00bb#6b6b6b\u00a0\u00bb button_border_color=\u00a0\u00bb#ffffff\u00a0\u00bb button_font=\u00a0\u00bb|600|||||||\u00a0\u00bb filter_opacity=\u00a0\u00bb53%\u00a0\u00bb box_shadow_style=\u00a0\u00bbpreset3&Prime; button_text_color__hover_enabled=\u00a0\u00bbon|desktop\u00a0\u00bb][\/et_pb_button][\/et_pb_column][\/et_pb_row][\/et_pb_section]<\/p>\n","protected":false},"excerpt":{"rendered":"<p>[et_pb_section fb_built=\u00a0\u00bb1&Prime; _builder_version=\u00a0\u00bb4.3.3&Prime; custom_padding=\u00a0\u00bb9px|||||\u00a0\u00bb][et_pb_row _builder_version=\u00a0\u00bb4.3.3&Prime; width=\u00a0\u00bb100%\u00a0\u00bb max_width=\u00a0\u00bb2560px\u00a0\u00bb custom_padding=\u00a0\u00bb49px|||||\u00a0\u00bb][et_pb_column type=\u00a0\u00bb4_4&Prime; _builder_version=\u00a0\u00bb4.3.3&Prime;][et_pb_post_title meta=\u00a0\u00bboff\u00a0\u00bb featured_image=\u00a0\u00bboff\u00a0\u00bb _builder_version=\u00a0\u00bb4.3.3&Prime; title_text_color=\u00a0\u00bb#9a8c98&Prime; title_font_size=\u00a0\u00bb41px\u00a0\u00bb text_orientation=\u00a0\u00bbcenter\u00a0\u00bb][\/et_pb_post_title][et_pb_image src=\u00a0\u00bbhttp:\/\/ilhemphotography.com\/wp-content\/uploads\/2023\/11\/sans-titre-249-Modifier-scaled.jpg\u00a0\u00bb align=\u00a0\u00bbcenter\u00a0\u00bb _builder_version=\u00a0\u00bb4.3.3&Prime;][\/et_pb_image][\/et_pb_column][\/et_pb_row][et_pb_row _builder_version=\u00a0\u00bb4.3.3&Prime;][et_pb_column type=\u00a0\u00bb4_4&Prime; _builder_version=\u00a0\u00bb4.3.3&Prime;][et_pb_text _builder_version=\u00a0\u00bb4.3.3&Prime; text_font=\u00a0\u00bbTimes New Roman||||||||\u00a0\u00bb text_font_size=\u00a0\u00bb15px\u00a0\u00bb] O\u00f9 se d\u00e9roule la s\u00e9ance? La s\u00e9ance de photographie de grossesse se d\u00e9roule soit chez vous ou en studio. Le studio se situe dans le 20\u00e8me arrondissement de [&hellip;]<\/p>\n","protected":false},"author":1,"featured_media":0,"parent":0,"menu_order":0,"comment_status":"closed","ping_status":"closed","template":"","meta":{"_et_pb_use_builder":"on","_et_pb_old_content":"","_et_gb_content_width":"","om_disable_all_campaigns":false,"_monsterinsights_skip_tracking":false,"_monsterinsights_sitenote_active":false,"_monsterinsights_sitenote_note":"","_monsterinsights_sitenote_category":0,"footnotes":""},"class_list":["post-117","page","type-page","status-publish","hentry"],"_links":{"self":[{"href":"https:\/\/ilhemphotography.com\/index.php?rest_route=\/wp\/v2\/pages\/117","targetHints":{"allow":["GET"]}}],"collection":[{"href":"https:\/\/ilhemphotography.com\/index.php?rest_route=\/wp\/v2\/pages"}],"about":[{"href":"https:\/\/ilhemphotography.com\/index.php?rest_route=\/wp\/v2\/types\/page"}],"author":[{"embeddable":true,"href":"https:\/\/ilhemphotography.com\/index.php?rest_route=\/wp\/v2\/users\/1"}],"replies":[{"embeddable":true,"href":"https:\/\/ilhemphotography.com\/index.php?rest_route=%2Fwp%2Fv2%2Fcomments&post=117"}],"version-history":[{"count":24,"href":"https:\/\/ilhemphotography.com\/index.php?rest_route=\/wp\/v2\/pages\/117\/revisions"}],"predecessor-version":[{"id":601,"href":"https:\/\/ilhemphotography.com\/index.php?rest_route=\/wp\/v2\/pages\/117\/revisions\/601"}],"wp:attachment":[{"href":"https:\/\/ilhemphotography.com\/index.php?rest_route=%2Fwp%2Fv2%2Fmedia&parent=117"}],"curies":[{"name":"wp","href":"https:\/\/api.w.org\/{rel}","templated":true}]}}